{"id":1501,"date":"2020-03-04T15:23:19","date_gmt":"2020-03-04T14:23:19","guid":{"rendered":"http:\/\/www.annasaarinen.ch\/?page_id=1501"},"modified":"2024-12-05T16:17:03","modified_gmt":"2024-12-05T15:17:03","slug":"media","status":"publish","type":"page","link":"https:\/\/www.annasaarinen.ch\/en\/media\/","title":{"rendered":"media"},"content":{"rendered":"\n<p><\/p>\n\n\n\n      <section class=\"layout-title\">\n      <h1 class=\"default red\">anna saarinen for the media<\/h1>\n    <\/section>\n  \n  \n  \n  \n  \n  \n  \n\n  \n      <section class=\"layout-content\">\n      <p>here you will find a selection of high resolution images of annasaarinen carpets.<br \/>\nthe following terms of use are accepted with the download of the pictures:<\/p>\n<p>&#8211; the photos are to be used for editorial purposes only.<br \/>\n&#8211; passing on the pictures to third parties or companies is not allowed.<br \/>\n&#8211;\u00a0<span lang=\"FR-CH\">photo credits of the respective pictures are to be indicated. if not mentioned otherwise: sanna heikintalo<\/span><\/p>\n<p>&nbsp;<\/p>\n\n    <\/section>\n  \n  \n  \n  \n  \n  \n\n  \n  \n  \n  \n      <section class=\"layout-gallery\">\n      <div class=\"layout-gallery--columns\">\n\n                  <div class=\"left\">\n            \n              <div class=\"layout-gallery--image eighty\">\n                <a data-fancybox=\"gallery\" href=\"https:\/\/www.annasaarinen.ch\/wp-content\/uploads\/2023\/06\/AnnaSaarinenPortrait_Jan2022-LowRes-10.jpg\">\n                  <picture>\n                    <source srcset=\"https:\/\/www.annasaarinen.ch\/wp-content\/uploads\/2023\/06\/AnnaSaarinenPortrait_Jan2022-LowRes-10.webp\" type=\"image\/webp\">\n                    <source srcset=\"https:\/\/www.annasaarinen.ch\/wp-content\/uploads\/2023\/06\/AnnaSaarinenPortrait_Jan2022-LowRes-10.jpg\" type=\"image\/jpeg\">\n                    <img decoding=\"async\" loading=\"lazy\" src=\"https:\/\/www.annasaarinen.ch\/wp-content\/uploads\/2023\/06\/AnnaSaarinenPortrait_Jan2022-LowRes-10.jpg\">\n                  <\/picture>\n                <\/a>\n\n                              <\/div>\n\n              \n            \n              <div class=\"layout-gallery--image hundred\">\n                <a data-fancybox=\"gallery\" href=\"https:\/\/www.annasaarinen.ch\/wp-content\/uploads\/2020\/02\/webstuhl_horizontal.jpg\">\n                  <picture>\n                    <source srcset=\"https:\/\/www.annasaarinen.ch\/wp-content\/uploads\/2020\/02\/webstuhl_horizontal.webp\" type=\"image\/webp\">\n                    <source srcset=\"https:\/\/www.annasaarinen.ch\/wp-content\/uploads\/2020\/02\/webstuhl_horizontal.jpg\" type=\"image\/jpeg\">\n                    <img decoding=\"async\" loading=\"lazy\" src=\"https:\/\/www.annasaarinen.ch\/wp-content\/uploads\/2020\/02\/webstuhl_horizontal.jpg\">\n                  <\/picture>\n                <\/a>\n\n                              <\/div>\n\n              \n                      <\/div>\n        \n                  <div class=\"right\">\n            \n              <div class=\"layout-gallery--image eighty\">\n                <a data-fancybox=\"gallery\" href=\"https:\/\/www.annasaarinen.ch\/wp-content\/uploads\/2020\/02\/AnnaSaarinen_Finland_2018_LowRes-96.jpg\">\n                  <picture>\n                    <source srcset=\"https:\/\/www.annasaarinen.ch\/wp-content\/uploads\/2020\/02\/AnnaSaarinen_Finland_2018_LowRes-96.webp\" type=\"image\/webp\">\n                    <source srcset=\"https:\/\/www.annasaarinen.ch\/wp-content\/uploads\/2020\/02\/AnnaSaarinen_Finland_2018_LowRes-96.jpg\" type=\"image\/jpeg\">\n                    <img decoding=\"async\" loading=\"lazy\" src=\"https:\/\/www.annasaarinen.ch\/wp-content\/uploads\/2020\/02\/AnnaSaarinen_Finland_2018_LowRes-96.jpg\">\n                  <\/picture>\n                <\/a>\n\n                              <\/div>\n\n              \n            \n              <div class=\"layout-gallery--image hundred\">\n                <a data-fancybox=\"gallery\" href=\"https:\/\/www.annasaarinen.ch\/wp-content\/uploads\/2023\/06\/AnnaSaarinen_Juni2023_LowRes-13.jpeg\">\n                  <picture>\n                    <source srcset=\"https:\/\/www.annasaarinen.ch\/wp-content\/uploads\/2023\/06\/AnnaSaarinen_Juni2023_LowRes-13.webp\" type=\"image\/webp\">\n                    <source srcset=\"https:\/\/www.annasaarinen.ch\/wp-content\/uploads\/2023\/06\/AnnaSaarinen_Juni2023_LowRes-13.jpeg\" type=\"image\/jpeg\">\n                    <img decoding=\"async\" loading=\"lazy\" src=\"https:\/\/www.annasaarinen.ch\/wp-content\/uploads\/2023\/06\/AnnaSaarinen_Juni2023_LowRes-13.jpeg\">\n                  <\/picture>\n                <\/a>\n\n                              <\/div>\n\n              \n                      <\/div>\n        \n      <\/div>\n    <\/section>\n  \n  \n  \n\n  \n  \n  \n  \n  \n  \n      <section class=\"layout-download\">\n      <a href=\"https:\/\/www.annasaarinen.ch\/wp-content\/uploads\/2020\/03\/MEDIEN-HR-FOTOS.zip\" download>\n        <p>download media dossier<\/p>\n        <img decoding=\"async\" loading=\"lazy\" src=\"https:\/\/www.annasaarinen.ch\/wp-content\/themes\/annasaarinen\/static\/img\/download_icon.svg\">\n      <\/a>\n    <\/section>\n  \n\n      <section class=\"layout-title\">\n      <h1 class=\"default red\">anna saarinen in the media<\/h1>\n    <\/section>\n  \n  \n  \n  \n  \n  \n  \n\n  \n      <section class=\"layout-content\">\n      <p>a small selection of media reports of the past years:<\/p>\n\n    <\/section>\n  \n  \n  \n  \n  \n  \n\n  \n  \n  \n  \n  \n      <section class=\"layout-quotes\">\n              \n                                \n          <div class=\"layout-quotes--item\">\n            <h1><a class=\"blue\" href=\"https:\/\/www.annasaarinen.ch\/wp-content\/uploads\/2024\/12\/Hauseigentuemer_dez_2024.pdf\" target=\"_blank\">\u00abkuschelige bodensch\u00e4tze\u00bb<\/a><\/h1>\n            <p>der schweizerische hauseigent\u00fcmer 12 \/ 2024<\/p>\n          <\/div>\n\n                  <\/section>\n  \n  \n\n  \n  \n  \n  \n  \n      <section class=\"layout-quotes\">\n              \n                                \n          <div class=\"layout-quotes--item\">\n            <h1><a class=\"green\" href=\"https:\/\/www.annasaarinen.ch\/wp-content\/uploads\/2024\/10\/Teppiche_Seite_53_Badener_Tagblatt_2024-10-05.pdf\" target=\"_blank\">\u00abauf den boden gekommen\u00bb<\/a><\/h1>\n            <p>diverse CH Medien oktober 2024<\/p>\n          <\/div>\n\n                  <\/section>\n  \n  \n\n  \n  \n  \n  \n  \n      <section class=\"layout-quotes\">\n              \n                                \n          <div class=\"layout-quotes--item\">\n            <h1><a class=\"blue\" href=\"https:\/\/www.annasaarinen.ch\/wp-content\/uploads\/2023\/06\/IH_3_23_BM_Atelier_Anna_Saarinen.pdf\" target=\"_blank\">\u00abfinnische botschaften\u00bb<\/a><\/h1>\n            <p>ideales heim 3\/23<\/p>\n          <\/div>\n\n                  <\/section>\n  \n  \n\n  \n  \n  \n  \n  \n      <section class=\"layout-quotes\">\n              \n                                \n          <div class=\"layout-quotes--item\">\n            <h1><a class=\"orange\" href=\"https:\/\/www.annasaarinen.ch\/wp-content\/uploads\/2022\/11\/Tagesanzeiger_Schweizer-Manufakturen_20221116.pdf\" target=\"_blank\">\u00ablabels f\u00fcr ein sch\u00f6neres zuhause\u00bb<\/a><\/h1>\n            <p>tagesanzeiger, sonderbeilage home, 11.2022<\/p>\n          <\/div>\n\n        \n                                \n          <div class=\"layout-quotes--item\">\n            <h1><a class=\"green\" href=\"https:\/\/www.annasaarinen.ch\/wp-content\/uploads\/2022\/11\/Textilforum-Magazin_Juli-2022.pdf\" target=\"_blank\">\u00abmatten zum entspannen\u00bb<\/a><\/h1>\n            <p>textilforum magazin, 7.2022<\/p>\n          <\/div>\n\n        \n                                \n          <div class=\"layout-quotes--item\">\n            <h1><a class=\"blue\" href=\"https:\/\/www.annasaarinen.ch\/wp-content\/uploads\/2021\/07\/Avotakka_6_21.pdf\" target=\"_blank\">\u00absuomi &#8211; koti\u00bb<\/a><\/h1>\n            <p>avotakka 6.2021<\/p>\n          <\/div>\n\n        \n                                \n          <div class=\"layout-quotes--item\">\n            <h1><a class=\"red\" href=\"https:\/\/www.annasaarinen.ch\/wp-content\/uploads\/2021\/08\/maalla_2021-07-16.pdf\" target=\"_blank\">\u00abideakoti: vilja-aitta ty\u00f6tilaksi\u00bb<\/a><\/h1>\n            <p>maalla 7.2021<\/p>\n          <\/div>\n\n        \n                                \n          <div class=\"layout-quotes--item\">\n            <h1><a class=\"green\" href=\"https:\/\/www.annasaarinen.ch\/wp-content\/uploads\/2021\/07\/Interieur_4_2021_Teppiche.pdf\" target=\"_blank\">\u00abrobust trotz papieranteil\u00bb<\/a><\/h1>\n            <p>interieur 4.2021<\/p>\n          <\/div>\n\n                  <\/section>\n  \n  \n\n  \n  \n  \n  \n  \n      <section class=\"layout-quotes\">\n              \n                                \n          <div class=\"layout-quotes--item\">\n            <h1><a class=\"green\" href=\"https:\/\/www.annasaarinen.ch\/wp-content\/uploads\/2020\/02\/Moments_03_18_OutoftheBox-Kopie.pdf\" target=\"_blank\">\u00abweben auf finnisch\u00bb<\/a><\/h1>\n            <p>moments, out of the box 03\/2018<\/p>\n          <\/div>\n\n        \n                                \n          <div class=\"layout-quotes--item\">\n            <h1><a class=\"orange\" href=\"https:\/\/www.annasaarinen.ch\/wp-content\/uploads\/2020\/02\/NZZ_Stil_1.4.18_AS-Kopie.pdf\" target=\"_blank\">\u00abteppiche mit seele\u00bb<\/a><\/h1>\n            <p>NZZ, Stil 1.4.2018<\/p>\n          <\/div>\n\n        \n                                \n          <div class=\"layout-quotes--item\">\n            <h1><a class=\"blue\" href=\"https:\/\/www.annasaarinen.ch\/wp-content\/uploads\/2020\/02\/Homes2_16_P14-15.pdf\" target=\"_blank\">\u00ab&#8230;f\u00fchrt in die die welt einer \u00e4sthetin, feiert die sch\u00f6nheit des handwerks und die sinnlichkeit der farben\u00bb<\/a><\/h1>\n            <p>homes bei bilanz 5\/2016<\/p>\n          <\/div>\n\n        \n                                \n          <div class=\"layout-quotes--item\">\n            <h1><a class=\"red\" href=\"https:\/\/www.annasaarinen.ch\/wp-content\/uploads\/2020\/02\/Transhelvetica_Dez2015.pdf\" target=\"_blank\">\u00abfarben, muster und handarbeit sind mein leben\u00bb<\/a><\/h1>\n            <p>transhelvetica dez\/2015<\/p>\n          <\/div>\n\n        \n                                \n          <div class=\"layout-quotes--item\">\n            <h1><a class=\"orange\" href=\"https:\/\/www.annasaarinen.ch\/wp-content\/uploads\/2020\/02\/Beyond_BeyerKundenmagazin.pdf\" target=\"_blank\">\u00abdie meisten meiner teppiche sind individuelle anfertigungen und entstehen im dialog mit den kunden\u00bb<\/a><\/h1>\n            <p>beyond 23\/2016<\/p>\n          <\/div>\n\n        \n                                \n          <div class=\"layout-quotes--item\">\n            <h1><a class=\"green\" href=\"https:\/\/www.annasaarinen.ch\/wp-content\/uploads\/2020\/02\/Annabelle_14_17.pdf\" target=\"_blank\">\u00abteppiche machen den raum wohnlicher und geben den letzten schliff\u00bb<\/a><\/h1>\n            <p>annabelle 14\/2017<\/p>\n          <\/div>\n\n        \n                                \n          <div class=\"layout-quotes--item\">\n            <h1><a class=\"red\" href=\"https:\/\/bellevue.nzz.ch\/design-wohnen\/criterion-festival-2018-handgeknuepfte-teppiche-aus-zuerich-nach-finnischer-tradition-ld.1351028\" target=\"_blank\">\u00aballes einzelst\u00fccke auf mass und im nordischen stil\u00bb<\/a><\/h1>\n            <p>NZZ, bellevue 2018<\/p>\n          <\/div>\n\n        \n                                \n          <div class=\"layout-quotes--item\">\n            <h1><a class=\"blue\" href=\"https:\/\/www.annasaarinen.ch\/wp-content\/uploads\/2020\/02\/MyRoom2014.pdf\" target=\"_blank\">\u00abder nordische stil wirkt freundlich, leicht und luftig\u00bb<\/a><\/h1>\n            <p>my room 2014<\/p>\n          <\/div>\n\n                  <\/section>\n  \n  \n\n\n\n\n","protected":false},"excerpt":{"rendered":"","protected":false},"author":1,"featured_media":0,"parent":0,"menu_order":0,"comment_status":"closed","ping_status":"closed","template":"","meta":{"_acf_changed":false,"footnotes":""},"class_list":["post-1501","page","type-page","status-publish","hentry"],"acf":[],"yoast_head":"<!-- This site is optimized with the Yoast SEO plugin v27.3 - https:\/\/yoast.com\/product\/yoast-seo-wordpress\/ -->\n<title>media - annasaarinen textilmanufaktur<\/title>\n<meta name=\"robots\" content=\"index, follow, max-snippet:-1, max-image-preview:large, max-video-preview:-1\" \/>\n<link rel=\"canonical\" href=\"https:\/\/www.annasaarinen.ch\/en\/media\/\" \/>\n<meta property=\"og:locale\" content=\"en_US\" \/>\n<meta property=\"og:type\" content=\"article\" \/>\n<meta property=\"og:title\" content=\"media - annasaarinen textilmanufaktur\" \/>\n<meta property=\"og:url\" content=\"https:\/\/www.annasaarinen.ch\/en\/media\/\" \/>\n<meta property=\"og:site_name\" content=\"annasaarinen textilmanufaktur\" \/>\n<meta property=\"article:modified_time\" content=\"2024-12-05T15:17:03+00:00\" \/>\n<meta name=\"twitter:card\" content=\"summary_large_image\" \/>\n<script type=\"application\/ld+json\" class=\"yoast-schema-graph\">{\"@context\":\"https:\\\/\\\/schema.org\",\"@graph\":[{\"@type\":\"WebPage\",\"@id\":\"https:\\\/\\\/www.annasaarinen.ch\\\/en\\\/media\\\/\",\"url\":\"https:\\\/\\\/www.annasaarinen.ch\\\/en\\\/media\\\/\",\"name\":\"media - annasaarinen textilmanufaktur\",\"isPartOf\":{\"@id\":\"https:\\\/\\\/www.annasaarinen.ch\\\/en\\\/#website\"},\"datePublished\":\"2020-03-04T14:23:19+00:00\",\"dateModified\":\"2024-12-05T15:17:03+00:00\",\"breadcrumb\":{\"@id\":\"https:\\\/\\\/www.annasaarinen.ch\\\/en\\\/media\\\/#breadcrumb\"},\"inLanguage\":\"en-US\",\"potentialAction\":[{\"@type\":\"ReadAction\",\"target\":[\"https:\\\/\\\/www.annasaarinen.ch\\\/en\\\/media\\\/\"]}]},{\"@type\":\"BreadcrumbList\",\"@id\":\"https:\\\/\\\/www.annasaarinen.ch\\\/en\\\/media\\\/#breadcrumb\",\"itemListElement\":[{\"@type\":\"ListItem\",\"position\":1,\"name\":\"Home\",\"item\":\"https:\\\/\\\/www.annasaarinen.ch\\\/en\\\/\"},{\"@type\":\"ListItem\",\"position\":2,\"name\":\"media\"}]},{\"@type\":\"WebSite\",\"@id\":\"https:\\\/\\\/www.annasaarinen.ch\\\/en\\\/#website\",\"url\":\"https:\\\/\\\/www.annasaarinen.ch\\\/en\\\/\",\"name\":\"annasaarinen textilmanufaktur\",\"description\":\"blog description\",\"potentialAction\":[{\"@type\":\"SearchAction\",\"target\":{\"@type\":\"EntryPoint\",\"urlTemplate\":\"https:\\\/\\\/www.annasaarinen.ch\\\/en\\\/?s={search_term_string}\"},\"query-input\":{\"@type\":\"PropertyValueSpecification\",\"valueRequired\":true,\"valueName\":\"search_term_string\"}}],\"inLanguage\":\"en-US\"}]}<\/script>\n<!-- \/ Yoast SEO plugin. -->","yoast_head_json":{"title":"media - annasaarinen textilmanufaktur","robots":{"index":"index","follow":"follow","max-snippet":"max-snippet:-1","max-image-preview":"max-image-preview:large","max-video-preview":"max-video-preview:-1"},"canonical":"https:\/\/www.annasaarinen.ch\/en\/media\/","og_locale":"en_US","og_type":"article","og_title":"media - annasaarinen textilmanufaktur","og_url":"https:\/\/www.annasaarinen.ch\/en\/media\/","og_site_name":"annasaarinen textilmanufaktur","article_modified_time":"2024-12-05T15:17:03+00:00","twitter_card":"summary_large_image","schema":{"@context":"https:\/\/schema.org","@graph":[{"@type":"WebPage","@id":"https:\/\/www.annasaarinen.ch\/en\/media\/","url":"https:\/\/www.annasaarinen.ch\/en\/media\/","name":"media - annasaarinen textilmanufaktur","isPartOf":{"@id":"https:\/\/www.annasaarinen.ch\/en\/#website"},"datePublished":"2020-03-04T14:23:19+00:00","dateModified":"2024-12-05T15:17:03+00:00","breadcrumb":{"@id":"https:\/\/www.annasaarinen.ch\/en\/media\/#breadcrumb"},"inLanguage":"en-US","potentialAction":[{"@type":"ReadAction","target":["https:\/\/www.annasaarinen.ch\/en\/media\/"]}]},{"@type":"BreadcrumbList","@id":"https:\/\/www.annasaarinen.ch\/en\/media\/#breadcrumb","itemListElement":[{"@type":"ListItem","position":1,"name":"Home","item":"https:\/\/www.annasaarinen.ch\/en\/"},{"@type":"ListItem","position":2,"name":"media"}]},{"@type":"WebSite","@id":"https:\/\/www.annasaarinen.ch\/en\/#website","url":"https:\/\/www.annasaarinen.ch\/en\/","name":"annasaarinen textilmanufaktur","description":"blog description","potentialAction":[{"@type":"SearchAction","target":{"@type":"EntryPoint","urlTemplate":"https:\/\/www.annasaarinen.ch\/en\/?s={search_term_string}"},"query-input":{"@type":"PropertyValueSpecification","valueRequired":true,"valueName":"search_term_string"}}],"inLanguage":"en-US"}]}},"_links":{"self":[{"href":"https:\/\/www.annasaarinen.ch\/en\/wp-json\/wp\/v2\/pages\/1501","targetHints":{"allow":["GET"]}}],"collection":[{"href":"https:\/\/www.annasaarinen.ch\/en\/wp-json\/wp\/v2\/pages"}],"about":[{"href":"https:\/\/www.annasaarinen.ch\/en\/wp-json\/wp\/v2\/types\/page"}],"author":[{"embeddable":true,"href":"https:\/\/www.annasaarinen.ch\/en\/wp-json\/wp\/v2\/users\/1"}],"replies":[{"embeddable":true,"href":"https:\/\/www.annasaarinen.ch\/en\/wp-json\/wp\/v2\/comments?post=1501"}],"version-history":[{"count":10,"href":"https:\/\/www.annasaarinen.ch\/en\/wp-json\/wp\/v2\/pages\/1501\/revisions"}],"predecessor-version":[{"id":3946,"href":"https:\/\/www.annasaarinen.ch\/en\/wp-json\/wp\/v2\/pages\/1501\/revisions\/3946"}],"wp:attachment":[{"href":"https:\/\/www.annasaarinen.ch\/en\/wp-json\/wp\/v2\/media?parent=1501"}],"curies":[{"name":"wp","href":"https:\/\/api.w.org\/{rel}","templated":true}]}}